{"id":21,"date":"2019-12-30T22:16:46","date_gmt":"2019-12-30T22:16:46","guid":{"rendered":"http:\/\/kf-oppen.de\/?page_id=21"},"modified":"2022-07-17T19:55:45","modified_gmt":"2022-07-17T19:55:45","slug":"wir-ueber-uns","status":"publish","type":"page","link":"https:\/\/kf-moseltal.de\/?page_id=21","title":{"rendered":"Wir \u00dcber uns &#8211; wie alles begann"},"content":{"rendered":"\n<p>Die Kegelfreunde Moseltal &#8211; (Vereinsumbenenung im Mai 2021) gingen aus den Kegelfreunden Oppen hervor.  Die Umbenennung war ein Resultat aus verschiedenen zusammengekommenen Umst\u00e4nden &#8211; er ist speziell der Tatsache geschuldet &#8211; dass die Heimbahn im Tennis und Kegelzentrum Losheim am See den Kegelfreunden nicht mehr zur Verf\u00fcgung stand und eine neue Bahn her musste. Gleichzeitig verlie\u00dfen mit dem Wechsel aus Altersgr\u00fcnden auch die verbliebenen Oppener Spieler den Verein bzw. gaben ihren R\u00fcckzug aus dem Spielbetrieb bekannt. Da mit dem Umzug nach Wincheringen nun auch der Lokale\/Regionale Bezug fehlte, wurde auf Betreiben des Vorstandes eine Abstimmung durchgef\u00fchrt. Verschiedene Namen standen zur Wahl, die Mitglieder entschieden sich schlie\u00dflich, auch um dem Erbe ein bisschen gerecht zu werden, f\u00fcr den Namen &#8220;Kegelfreunde Moseltal&#8221;. Damit verblieb &#8220;Kegelfreunde&#8221; im Namen und &#8220;Moseltal&#8221; stellt nun den neuen regionalen Bezug her.<br>Als neuer Pr\u00e4sident wurde Patrick Weyrich einstimmig gew\u00e4hlt, ihm assistieren Bernhard Lang als neuer 2. Vorsitzender und Frederic Becker, welcher das Amt des ersten Vorsitzenden \u00fcber 12 Jahre bekleidete (seit 2008) wechselt in das Amt des Schriftf\u00fchrers und Sportwarts. Alles in Allem ist man zuversichtlich, gut die Post Corona \u00c4ra zu starten.<br>Die Spielzeit 2021\/2022 verlief aus Sicht der Kegelfreunde \u00e4u\u00dferst erfolgreich. Durch eine sehr starke und konstante  Mannschaftsleistung errangen die Kegelfreunde die Meisterschaft der Bezirksklasse 1. Es wurde lediglich keine Ausw\u00e4rtspartie verloren jedoch holte man den Zusatzpunkt. Die Spielzeit 2022\/2023 stellte jedoch noch ein anderes Problem dar. Da in der Liga Nord mit 5er Mannschaften gespielt wird wurde die ohnehin angespannte Personalsituation noch schwieriger somit entschlossen sich unsere Vorsitzenen mit dem KSV Wincheringen Kontakt aufzunehmen.<br>Am 09.05.2022 trafen sich die Vereinsvorsitzenen der Kegelfreunde Moseltal mit dem Vorstand des KSV Wincheringen. Der Sportwart kam sp\u00e4ter dazu und wurde \u00fcber die Situation unterrichtet. Beide Vereine beschlossen in den jeweiligen Generalversammlungen die Frage nach einer Fusion zu stellen mit gleichzeitigem Wechsel in den Landesfachverband Rheinland. <br>Die Option weiter eigenst\u00e4ndig zu bleiben wird verworfen. Die Vor- und Nachteile werden er\u00f6rtert. Nach kurzer Debatte stimmen die anwesenden Mitglieder einstimmig daf\u00fcr, dem Vorstand das Mandat f\u00fcr Fusionsverhandlungen zu geben.<br><br>Am 23.05.2022 wurde in einer au\u00dferordentlichen Generalversammlung die sportliche Fusion beider Vereine beschlossen. Die Spielzeit 2022\/2023 soll mit 3 Teams bestritten werden.<br>Die erste Mannschaft soll in der Regionalliga spielen die 2. in der Oberliga und die 3. in der Bezirksliga. Durch die Zuteilung der 2. Mannschaft in die Oberliga wird der Meisterschaft von<br>Moseltal 1 Rechnung getragen<\/p>\n\n\n\n<p><\/p>\n\n\n\n<p><strong>zur Vereinsgeschichte <\/strong><br>der Vereinsvorg\u00e4nger waren die Kegelfreunde Oppen gegr\u00fcndet im Jahre 1952 nehmen seit dieser Zeit ununterbrochen am Ligaspielbetrieb des Sportverbandes saarl\u00e4ndischer Kegler (SSK) teil. In den Hochzeiten des Kegelsports in den siebziger Jahren war der Verein mit 5 Herren- und 2 Damenmannschaften aktiv. Zu dieser Zeit spielte man im Sporthotel Honzrath welches 4 Scherenbahnen zur Verf\u00fcgung stellte. Der Niedergang des Kegelsports begann Mitte der achtziger Jahre, ein Trend dem sich quasi kein Verein entziehen konnte. Die Damenmannschaften wurden aufgel\u00f6st und die Herrenmannschaften von 5 auf 3 reduziert. Anfang des Jahres 2000 wurde die 3. Herrenmannschaft abgemeldet. Schlie\u00dflich wollte auch das Sporthotel Honzrath uns seine Bahnen nicht mehr zu Verf\u00fcgung stellen und man wechselte nach Losheim ins dortige Tennis und Kegelzentrum. Die Spielerzahl stabilisierte sich zun\u00e4chst da durch die Fusion des KSC Losheim mit Britten einige Spieler nach Oppen kamen. Im Jahre 2008 wurde dann auch die 2. Mannschaft vom Spielbetrieb zur\u00fcckgezogen. Zum Saisonende der Spielzeit 2008\/2009 gab der langj\u00e4hrige Vorsitzende Heinrich Lattwein das Amt an Frederic Becker ab, gleichzeitig bat man um freiwilligen Abstieg in die Kreisklasse, da mit den vorhandenen Spielern der Klassenerhalt unm\u00f6glich geworden w\u00e4re. Neue Anl\u00e4ufe die Zahl der aktiven Mitglieder zu steigern wurden unternommen. ein starken Zuwachs konnte der Verein im Jahre 2015 verzeichnen indem gleich 4 neue Spieler aus Luxemburg f\u00fcr den Verein gewonnen werden konnten, welche auch heute noch das sportliche R\u00fcckgrat des Vereins darstellen. Im der Spielzeit 2016\/2017 wurde man mit der ersten Mannschaft Vizemeister der Kreisklasse 1 und stieg wieder in die Bezirksliga auf. Auch wurde wieder eine 2. Mannschaft gemeldet, welche in der vollen Klasse am Spielbetrieb teilnahm. In der Spielzeit 2017\/2018 wechselte auch die 2. Mannschaft wieder in den regul\u00e4ren Spielbetrieb und schl\u00e4gt sich zur Zeit wacker in der Kreisklasse 1 und steht dort auf dem 2. Platz. Zum Vizepr\u00e4sidenten wurde Patrick Weyrich im Mai 2018 gew\u00e4hlt. Auch die erste Mannschaft , am Anfang immer um den Klassenerhalt k\u00e4mpfend, steht zur Zeit auf dem 3. Platz der Bezirksklasse 1. In der Spielzeit 2020\/2021 gelang es erstmals wieder durch weitere Zug\u00e4nge aus Luxemburg wieder mit 3 Mannschaften am Spielbetrieb teilzunehmen. Durch die Covid19 Epidemie wurde schliesslich nach 7 Spieltagen der Abbruch der Spielzeit durch den Verband verf\u00fcgt. Des Weiteren wurde und durch den P\u00e4chter des Tennis und Kegelzentrums Losheim mitgeteilt, dass und die Bahn nicht mehr zur Verf\u00fcgung steht. Sogleich bem\u00fchte sich der Vorstand um eine neue Bahnanlage und man ist zuversichtlich nach Ende der Pandemie wieder den Kegelsport aufnehmen zu k\u00f6nnen.  Der Wechsel erfolgte ins Hotel Warsberger Hof nach Wincheringen. Dieses sollte auch das faktische jedoch nicht formelle Ende der Kegelfreunde Oppen bedeuten, welche dann auch mit der Beschluss der Generalversammlung vom 26.05.2021 den Vereinsnamen ablegten und in KF Moseltal \u00e4nderten.<\/p>\n","protected":false},"excerpt":{"rendered":"<p>Die Kegelfreunde Moseltal &#8211; (Vereinsumbenenung im Mai 2021) gingen aus den Kegelfreunden Oppen hervor. Die Umbenennung war ein Resultat aus verschiedenen zusammengekommenen Umst\u00e4nden &#8211; er ist speziell der Tatsache geschuldet &#8211; dass die Heimbahn im Tennis und Kegelzentrum Losheim am &hellip; <a href=\"https:\/\/kf-moseltal.de\/?page_id=21\">Weiterlesen <span class=\"meta-nav\">&rarr;<\/span><\/a><\/p>\n","protected":false},"author":1,"featured_media":0,"parent":0,"menu_order":0,"comment_status":"closed","ping_status":"closed","template":"","meta":{"_coblocks_attr":"","_coblocks_dimensions":"","_coblocks_responsive_height":"","_coblocks_accordion_ie_support":"","footnotes":""},"class_list":["post-21","page","type-page","status-publish","hentry"],"_links":{"self":[{"href":"https:\/\/kf-moseltal.de\/index.php?rest_route=\/wp\/v2\/pages\/21","targetHints":{"allow":["GET"]}}],"collection":[{"href":"https:\/\/kf-moseltal.de\/index.php?rest_route=\/wp\/v2\/pages"}],"about":[{"href":"https:\/\/kf-moseltal.de\/index.php?rest_route=\/wp\/v2\/types\/page"}],"author":[{"embeddable":true,"href":"https:\/\/kf-moseltal.de\/index.php?rest_route=\/wp\/v2\/users\/1"}],"replies":[{"embeddable":true,"href":"https:\/\/kf-moseltal.de\/index.php?rest_route=%2Fwp%2Fv2%2Fcomments&post=21"}],"version-history":[{"count":1,"href":"https:\/\/kf-moseltal.de\/index.php?rest_route=\/wp\/v2\/pages\/21\/revisions"}],"predecessor-version":[{"id":749,"href":"https:\/\/kf-moseltal.de\/index.php?rest_route=\/wp\/v2\/pages\/21\/revisions\/749"}],"wp:attachment":[{"href":"https:\/\/kf-moseltal.de\/index.php?rest_route=%2Fwp%2Fv2%2Fmedia&parent=21"}],"curies":[{"name":"wp","href":"https:\/\/api.w.org\/{rel}","templated":true}]}}