{"id":1024,"date":"2024-08-30T10:10:28","date_gmt":"2024-08-30T10:10:28","guid":{"rendered":"https:\/\/kf-moseltal.de\/?page_id=1024"},"modified":"2024-08-30T15:38:55","modified_gmt":"2024-08-30T15:38:55","slug":"spieltageinsatzplan","status":"publish","type":"page","link":"https:\/\/kf-moseltal.de\/?page_id=1024","title":{"rendered":"SPIELTAGEINSATZPLAN!!"},"content":{"rendered":"\n<p>Hier sind die Spieler und ide jeweiligen Einst\u00e4ze erfasst. \u00c4nderungen sind nur mit Passwort m\u00f6glich<\/p>\n\n\n\n<p>Ein Klicken auf den Link gibt dne Zugang zum Cloud Speicher frei. Die EXCEL DATEI IST PASSWORT SCH\u00dcTZT &#8211; Dieses erhalten Sie bei unserem Sekret\u00e4r<\/p>\n\n\n\n<p><a href=\"https:\/\/1drv.ms\/x\/s!ArxoTmkOoDsWcAwhV97R4SxOFi4?e=dXzVcq\">SPIELTAGSPLANUNG<\/a><\/p>\n\n\n\n<p><\/p>\n","protected":false},"excerpt":{"rendered":"<p>Hier sind die Spieler und ide jeweiligen Einst\u00e4ze erfasst. \u00c4nderungen sind nur mit Passwort m\u00f6glich Ein Klicken auf den Link gibt dne Zugang zum Cloud Speicher frei. Die EXCEL DATEI IST PASSWORT SCH\u00dcTZT &#8211; Dieses erhalten Sie bei unserem Sekret\u00e4r &hellip; <a href=\"https:\/\/kf-moseltal.de\/?page_id=1024\">Weiterlesen <span class=\"meta-nav\">&rarr;<\/span><\/a><\/p>\n","protected":false},"author":1,"featured_media":1050,"parent":0,"menu_order":0,"comment_status":"closed","ping_status":"closed","template":"","meta":{"_coblocks_attr":"","_coblocks_dimensions":"","_coblocks_responsive_height":"","_coblocks_accordion_ie_support":"","footnotes":""},"class_list":["post-1024","page","type-page","status-publish","has-post-thumbnail","hentry"],"_links":{"self":[{"href":"https:\/\/kf-moseltal.de\/index.php?rest_route=\/wp\/v2\/pages\/1024","targetHints":{"allow":["GET"]}}],"collection":[{"href":"https:\/\/kf-moseltal.de\/index.php?rest_route=\/wp\/v2\/pages"}],"about":[{"href":"https:\/\/kf-moseltal.de\/index.php?rest_route=\/wp\/v2\/types\/page"}],"author":[{"embeddable":true,"href":"https:\/\/kf-moseltal.de\/index.php?rest_route=\/wp\/v2\/users\/1"}],"replies":[{"embeddable":true,"href":"https:\/\/kf-moseltal.de\/index.php?rest_route=%2Fwp%2Fv2%2Fcomments&post=1024"}],"version-history":[{"count":3,"href":"https:\/\/kf-moseltal.de\/index.php?rest_route=\/wp\/v2\/pages\/1024\/revisions"}],"predecessor-version":[{"id":1062,"href":"https:\/\/kf-moseltal.de\/index.php?rest_route=\/wp\/v2\/pages\/1024\/revisions\/1062"}],"wp:featuredmedia":[{"embeddable":true,"href":"https:\/\/kf-moseltal.de\/index.php?rest_route=\/wp\/v2\/media\/1050"}],"wp:attachment":[{"href":"https:\/\/kf-moseltal.de\/index.php?rest_route=%2Fwp%2Fv2%2Fmedia&parent=1024"}],"curies":[{"name":"wp","href":"https:\/\/api.w.org\/{rel}","templated":true}]}}